{"id":54786,"date":"2021-11-23T15:25:56","date_gmt":"2021-11-23T14:25:56","guid":{"rendered":"http:\/\/monschaudesignart.com\/essential\/"},"modified":"2022-04-01T12:32:41","modified_gmt":"2022-04-01T11:32:41","slug":"essential","status":"publish","type":"page","link":"https:\/\/monschaudesignart.com\/it\/essential\/","title":{"rendered":"Essential"},"content":{"rendered":"[vc_row full_width=&#8221;stretch_row_content_no_spaces&#8221; css=&#8221;.vc_custom_1637675757952{padding: 0px !important;border: 0px initial !important;}&#8221; mobile_bg_img_hidden=&#8221;no&#8221; tablet_bg_img_hidden=&#8221;no&#8221; woodmart_parallax=&#8221;0&#8243; woodmart_gradient_switch=&#8221;no&#8221; row_reverse_mobile=&#8221;0&#8243; row_reverse_tablet=&#8221;0&#8243; woodmart_disable_overflow=&#8221;0&#8243;][vc_column css=&#8221;.vc_custom_1638007456866{padding-top: 0px !important;}&#8221; mobile_bg_img_hidden=&#8221;no&#8221; tablet_bg_img_hidden=&#8221;no&#8221; woodmart_parallax=&#8221;0&#8243; woodmart_sticky_column=&#8221;false&#8221; parallax_scroll=&#8221;no&#8221; mobile_reset_margin=&#8221;no&#8221; tablet_reset_margin=&#8221;no&#8221;]\n\t\t\t<!-- START Essential REVOLUTION SLIDER 6.4.11 --><p class=\"rs-p-wp-fix\"><\/p>\n\t\t\t<rs-module-wrap id=\"rev_slider_12_1_wrapper\" data-source=\"gallery\" style=\"background:transparent;padding:0;margin:0px auto;margin-top:0;margin-bottom:0;\">\n\t\t\t\t<rs-module id=\"rev_slider_12_1\" style=\"\" data-version=\"6.4.11\">\n\t\t\t\t\t<rs-slides>\n\t\t\t\t\t\t<rs-slide data-key=\"rs-35\" data-title=\"Slide\" data-in=\"o:0;\" data-out=\"a:false;\">\n\t\t\t\t\t\t\t<img decoding=\"async\" src=\"\/\/monschaudesignart.com\/wp-content\/uploads\/2021\/12\/essential-header-1.jpg\" title=\"essential-header-1\" width=\"1920\" height=\"724\" class=\"rev-slidebg tp-rs-img\" data-parallax=\"off\" data-panzoom=\"d:10000;ss:120%;se:100;\" data-no-retina>\n<!--\n\t\t\t\t\t\t\t--><rs-layer\n\t\t\t\t\t\t\t\tid=\"slider-12-slide-35-layer-0\" \n\t\t\t\t\t\t\t\tclass=\"rs-pxl-4\"\n\t\t\t\t\t\t\t\tdata-type=\"text\"\n\t\t\t\t\t\t\t\tdata-rsp_ch=\"on\"\n\t\t\t\t\t\t\t\tdata-xy=\"x:c;y:m;\"\n\t\t\t\t\t\t\t\tdata-text=\"w:normal;s:46,34,24,24;l:25,13,9,6;fw:700;a:center;\"\n\t\t\t\t\t\t\t\tdata-frame_999=\"o:0;st:w;\"\n\t\t\t\t\t\t\t\tstyle=\"z-index:5;font-family:Roboto;\"\n\t\t\t\t\t\t\t><span style='font-family:\"Gotham Pro Light\"'> Essential<br \/>\n <\/span> \n\t\t\t\t\t\t\t<\/rs-layer><!--\n-->\t\t\t\t\t\t<\/rs-slide>\n\t\t\t\t\t<\/rs-slides>\n\t\t\t\t<\/rs-module>\n\t\t\t\t<script type=\"text\/javascript\">\n\t\t\t\t\tsetREVStartSize({c: 'rev_slider_12_1',rl:[1240,1024,778,480],el:[724,768,960,720],gw:[1920,1024,778,480],gh:[724,768,960,720],type:'standard',justify:'',layout:'fullwidth',mh:\"0\"});\n\t\t\t\t\tvar\trevapi12,\n\t\t\t\t\t\ttpj;\n\t\t\t\t\tfunction revinit_revslider121() {\n\t\t\t\t\tjQuery(function() {\n\t\t\t\t\t\ttpj = jQuery;\n\t\t\t\t\t\trevapi12 = tpj(\"#rev_slider_12_1\");\n\t\t\t\t\t\tif(revapi12==undefined || revapi12.revolution == undefined){\n\t\t\t\t\t\t\trevslider_showDoubleJqueryError(\"rev_slider_12_1\");\n\t\t\t\t\t\t}else{\n\t\t\t\t\t\t\trevapi12.revolution({\n\t\t\t\t\t\t\t\tDPR:\"dpr\",\n\t\t\t\t\t\t\t\tsliderLayout:\"fullwidth\",\n\t\t\t\t\t\t\t\tvisibilityLevels:\"1240,1024,778,480\",\n\t\t\t\t\t\t\t\tgridwidth:\"1920,1024,778,480\",\n\t\t\t\t\t\t\t\tgridheight:\"724,768,960,720\",\n\t\t\t\t\t\t\t\tperspective:600,\n\t\t\t\t\t\t\t\tperspectiveType:\"global\",\n\t\t\t\t\t\t\t\teditorheight:\"724,768,960,720\",\n\t\t\t\t\t\t\t\tresponsiveLevels:\"1240,1024,778,480\",\n\t\t\t\t\t\t\t\tprogressBar:{disableProgressBar:true},\n\t\t\t\t\t\t\t\tnavigation: {\n\t\t\t\t\t\t\t\t\tonHoverStop:false\n\t\t\t\t\t\t\t\t},\n\t\t\t\t\t\t\t\tparallax: {\n\t\t\t\t\t\t\t\t\tlevels:[5,10,15,20,25,30,35,40,45,46,47,48,49,50,51,30],\n\t\t\t\t\t\t\t\t\ttype:\"scroll\",\n\t\t\t\t\t\t\t\t\torigo:\"slidercenter\",\n\t\t\t\t\t\t\t\t\tspeed:0\n\t\t\t\t\t\t\t\t},\n\t\t\t\t\t\t\t\tfallbacks: {\n\t\t\t\t\t\t\t\t\tallowHTML5AutoPlayOnAndroid:true\n\t\t\t\t\t\t\t\t},\n\t\t\t\t\t\t\t});\n\t\t\t\t\t\t}\n\t\t\t\t\t\t\n\t\t\t\t\t});\n\t\t\t\t\t} \/\/ End of RevInitScript\n\t\t\t\tvar once_revslider121 = false;\n\t\t\t\tif (document.readyState === \"loading\") {document.addEventListener('readystatechange',function() { if((document.readyState === \"interactive\" || document.readyState === \"complete\") && !once_revslider121 ) { once_revslider121 = true; revinit_revslider121();}});} else {once_revslider121 = true; revinit_revslider121();}\n\t\t\t\t<\/script>\n\t\t\t<\/rs-module-wrap>\n\t\t\t<!-- END REVOLUTION SLIDER -->\n[\/vc_column][\/vc_row][vc_row full_width=&#8221;stretch_row_content_no_spaces&#8221; disable_element=&#8221;yes&#8221; css=&#8221;.vc_custom_1638883076427{padding-top: 0px !important;padding-right: 0px !important;padding-bottom: 0px !important;padding-left: 0px !important;}&#8221; mobile_bg_img_hidden=&#8221;no&#8221; tablet_bg_img_hidden=&#8221;no&#8221; woodmart_parallax=&#8221;0&#8243; woodmart_gradient_switch=&#8221;no&#8221; row_reverse_mobile=&#8221;0&#8243; row_reverse_tablet=&#8221;0&#8243; woodmart_disable_overflow=&#8221;0&#8243;][vc_column css=&#8221;.vc_custom_1638007456866{padding-top: 0px !important;}&#8221; mobile_bg_img_hidden=&#8221;no&#8221; tablet_bg_img_hidden=&#8221;no&#8221; woodmart_parallax=&#8221;0&#8243; woodmart_sticky_column=&#8221;false&#8221; parallax_scroll=&#8221;no&#8221; mobile_reset_margin=&#8221;no&#8221; tablet_reset_margin=&#8221;no&#8221;][vc_single_image image=&#8221;54345&#8243; img_size=&#8221;full&#8221; alignment=&#8221;center&#8221; woodmart_inline=&#8221;no&#8221; parallax_scroll=&#8221;no&#8221; css=&#8221;.vc_custom_1637684543144{margin-bottom: 0px !important;}&#8221;]\t\t\n\t\t<div id=\"wd-61a4ad8b162e2\" class=\"title-wrapper wd-wpb set-mb-s reset-last-child  wd-title-color-white wd-title-style-default wd-width-100 text-center vc_custom_1638182285959\">\n\t\t\t\n\t\t\t<div class=\"liner-continer\">\n\t\t\t\t<h4 class=\"woodmart-title-container title  wd-font-weight-700 wd-fontsize-xxxl\" >Essential<\/h4>\n\t\t\t\t\t\t\t<\/div>\n\t\t\t\n\t\t\t\n\t\t\t\t\t<\/div>\n\t\t\n\t\t[\/vc_column][\/vc_row][vc_row equal_height=&#8221;yes&#8221; content_placement=&#8221;middle&#8221; css=&#8221;.vc_custom_1634551139313{margin-top: 64px !important;}&#8221; mobile_bg_img_hidden=&#8221;no&#8221; tablet_bg_img_hidden=&#8221;no&#8221; woodmart_parallax=&#8221;0&#8243; woodmart_gradient_switch=&#8221;no&#8221; row_reverse_mobile=&#8221;0&#8243; row_reverse_tablet=&#8221;0&#8243; woodmart_disable_overflow=&#8221;0&#8243;][vc_column width=&#8221;1\/2&#8243; css=&#8221;.vc_custom_1648812757026{margin-top: 0px !important;padding-top: 0px !important;padding-right: 24px !important;padding-left: 0px !important;background-color: #fafafa !important;}&#8221; mobile_bg_img_hidden=&#8221;no&#8221; tablet_bg_img_hidden=&#8221;no&#8221; woodmart_parallax=&#8221;0&#8243; woodmart_sticky_column=&#8221;false&#8221; parallax_scroll=&#8221;no&#8221; mobile_reset_margin=&#8221;no&#8221; tablet_reset_margin=&#8221;no&#8221; el_class=&#8221;padding-right&#8221;][vc_single_image image=&#8221;54349&#8243; img_size=&#8221;full&#8221; alignment=&#8221;center&#8221; woodmart_inline=&#8221;no&#8221; parallax_scroll=&#8221;no&#8221; css=&#8221;.vc_custom_1637684746458{margin-bottom: 0px !important;}&#8221;][\/vc_column][vc_column width=&#8221;1\/2&#8243; css=&#8221;.vc_custom_1634551206081{padding: 64px !important;background-color: #fafafa !important;}&#8221; mobile_bg_img_hidden=&#8221;no&#8221; tablet_bg_img_hidden=&#8221;no&#8221; woodmart_parallax=&#8221;0&#8243; woodmart_sticky_column=&#8221;false&#8221; parallax_scroll=&#8221;no&#8221; mobile_reset_margin=&#8221;no&#8221; tablet_reset_margin=&#8221;no&#8221;]\t\t\n\t\t<div id=\"wd-61a4afb2b72ef\" class=\"title-wrapper wd-wpb set-mb-s reset-last-child  wd-title-color-default wd-title-style-simple wd-width-100 text-left \">\n\t\t\t\n\t\t\t<div class=\"liner-continer\">\n\t\t\t\t<h4 class=\"woodmart-title-container title  wd-font-weight-700 wd-fontsize-l\" >La condizione della scelta essenziale<\/h4>\n\t\t\t\t\t\t\t<\/div>\n\t\t\t\n\t\t\t\n\t\t\t\t\t<\/div>\n\t\t\n\t\t[vc_column_text woodmart_inline=&#8221;no&#8221; text_larger=&#8221;no&#8221;]\r\n<p class=\"p1\"><span class=\"s1\">Molte volte ci\u00f2 che vediamo \u00e8 sempre la parte esteriore delle cose, l\u2019apparenza.\u00a0<\/span><b>L\u2019essenziale<\/b><span class=\"s1\">, negli ultimi tempi, rimane spesso non considerato. Quando si confonde l\u2019essenziale con il superfluo si perde di vista la vera natura e ci si dirige verso vani desideri. Se per qualcuno l\u2019essenziale rimane nel concetto superficiale e non lascia spazio ai valori che nutrono la mente e lo spirito l\u2019essere rimarr\u00e0 povero e limitato.<\/span><\/p>\r\n[\/vc_column_text]<div id=\"wd-623c501c796b8\" class=\"wd-button-wrapper woodmart-button-wrapper text-left\"><a href=\"https:\/\/monschaudesignart.com\/it\/shop\/\" title=\"\" class=\"btn btn-color-default btn-style-link btn-shape-rectangle btn-size-default btn-icon-pos-right\">SHOP NOW<span class=\"wd-btn-icon\"><span class=\"wd-icon fas fa-angle-right\"><\/span><\/span><\/a><\/div>[\/vc_column][\/vc_row][vc_row equal_height=&#8221;yes&#8221; content_placement=&#8221;middle&#8221; css=&#8221;.vc_custom_1648811455740{margin-top: 64px !important;}&#8221; mobile_bg_img_hidden=&#8221;no&#8221; tablet_bg_img_hidden=&#8221;no&#8221; woodmart_parallax=&#8221;0&#8243; woodmart_gradient_switch=&#8221;no&#8221; row_reverse_mobile=&#8221;1&#8243; row_reverse_tablet=&#8221;1&#8243; woodmart_disable_overflow=&#8221;0&#8243;][vc_column width=&#8221;1\/2&#8243; css=&#8221;.vc_custom_1634551147317{padding: 48px !important;background-color: #fafafa !important;}&#8221; mobile_bg_img_hidden=&#8221;no&#8221; tablet_bg_img_hidden=&#8221;no&#8221; woodmart_parallax=&#8221;0&#8243; woodmart_sticky_column=&#8221;false&#8221; parallax_scroll=&#8221;no&#8221; mobile_reset_margin=&#8221;no&#8221; tablet_reset_margin=&#8221;no&#8221;][vc_column_text woodmart_inline=&#8221;no&#8221; text_larger=&#8221;no&#8221;]\r\n<p class=\"p1\"><span class=\"s1\">Monschau riconosce l\u2019essenziale come mezzo per trovare\u00a0<\/span><b>la chiave di lettura dei concetti della bellezza<\/b><span class=\"s1\">, dell\u2019eterno e dell\u2019infinito per arrivare ad una coscienza dove l\u2019io essenziale \u00e8 un tutt\u2019uno con la natura. Monschau vuole far convergere, ed il suo logo ne \u00e8 rappresentazione grafica, l\u2019essenziale partendo dai particolari delle sue collezioni che esprimono l\u2019esperienza della vita umana dove ancora la capacit\u00e0 di provare stupore \u00e8 importante nel processo della creativit\u00e0.<\/span><\/p>\r\n[\/vc_column_text]<div id=\"wd-623c502acf1b8\" class=\"wd-button-wrapper woodmart-button-wrapper text-left\"><a href=\"https:\/\/monschaudesignart.com\/it\/shop\/\" title=\"\" class=\"btn btn-color-default btn-style-link btn-shape-rectangle btn-size-default btn-icon-pos-right\">SHOP NOW<span class=\"wd-btn-icon\"><span class=\"wd-icon fas fa-angle-right\"><\/span><\/span><\/a><\/div>[\/vc_column][vc_column width=&#8221;1\/2&#8243; css=&#8221;.vc_custom_1634550826892{padding-right: 0px !important;padding-left: 0px !important;}&#8221; mobile_bg_img_hidden=&#8221;no&#8221; tablet_bg_img_hidden=&#8221;no&#8221; woodmart_parallax=&#8221;0&#8243; woodmart_sticky_column=&#8221;false&#8221; parallax_scroll=&#8221;no&#8221; mobile_reset_margin=&#8221;no&#8221; tablet_reset_margin=&#8221;no&#8221;][vc_single_image image=&#8221;54352&#8243; img_size=&#8221;full&#8221; alignment=&#8221;center&#8221; woodmart_inline=&#8221;no&#8221; parallax_scroll=&#8221;no&#8221; css=&#8221;.vc_custom_1637684761312{margin-bottom: 0px !important;}&#8221;][\/vc_column][\/vc_row][vc_row css=&#8221;.vc_custom_1648119861140{padding-top: 4vh !important;}&#8221; mobile_bg_img_hidden=&#8221;no&#8221; tablet_bg_img_hidden=&#8221;no&#8221; woodmart_parallax=&#8221;0&#8243; woodmart_gradient_switch=&#8221;no&#8221; row_reverse_mobile=&#8221;0&#8243; row_reverse_tablet=&#8221;0&#8243; woodmart_disable_overflow=&#8221;0&#8243; el_class=&#8221;grey-images&#8221;][vc_column width=&#8221;1\/5&#8243;]\t\t<div class=\"promo-banner-wrapper\">\n\t\t\t<div id=\"wd-61b9d62c80281\" class=\"promo-banner banner- banner-hover-zoom color-scheme-light banner-btn-size-default banner-btn-style-default wd-display-image banner-vr-align-middle banner-hr-align-center  cursor-pointer\" \n\t\t\t\t\t\t\t\tonclick=\"window.location.href='https:\/\/monschaudesignart.com\/it\/inspiration\/'\"\t\t\t >\n\n\t\t\t\t<div class=\"main-wrapp-img\">\n\t\t\t\t\t\t\t\t\t\t\t<div class=\"banner-image\">\n\t\t\t\t\t\t\t<img decoding=\"async\" class=\"promo-banner-image \" src=\"https:\/\/monschaudesignart.com\/wp-content\/uploads\/2021\/12\/mare-500x500.jpg\" width=\"500\" height=\"500\" alt=\"mare\" title=\"mare\" \/>\t\t\t\t\t\t<\/div>\n\t\t\t\t\t\t\t\t\t<\/div>\n\n\t\t\t\t<div class=\"wrapper-content-banner wd-fill  wd-items-middle wd-justify-center\">\n\t\t\t\t\t<div class=\"content-banner text-center wd-width-100\">\n\t\t\t\t\t\t\t<div class=\"banner-title-wrap banner-title-default\">\n\t\t\t\t\t\t\t\t\t\t\t\t\t\t\t\t\t\t\t\t\t\t\t\t\t<\/div>\n\t\t\t\t\t\t\t\t\t\t\t\t\t\t\t\t\t<\/div>\n\t\t\t\t<\/div>\n\t\t\t\t\t\t\t<\/div>\n\t\t<\/div>\n\t\t\n\t\t\t\t\t<div id=\"wd-61b9d6378c97c\" class=\"wd-text-block-wrapper wd-wpb color-scheme- wd-width-100 text-center vc_custom_1639568961095\">\n\t\t\t\t<div class=\"woodmart-title-container woodmart-text-block reset-last-child font-primary wd-font-weight-900 \">\n\t\t\t\t\t\r\n<p style=\"text-align: justify;\"><a href=\"https:\/\/monschaudesignart.com\/it\/inspiration\/\">Inspiration<\/a><\/p>\r\n\t\t\t\t<\/div>\n\t\t\t\t\t\t\t<\/div>\n\t\t[\/vc_column][vc_column width=&#8221;1\/5&#8243;]\t\t<div class=\"promo-banner-wrapper\">\n\t\t\t<div id=\"wd-61b9d64328fcf\" class=\"promo-banner banner- banner-hover-zoom color-scheme-light banner-btn-size-default banner-btn-style-default wd-display-image banner-vr-align-middle banner-hr-align-center  cursor-pointer\" \n\t\t\t\t\t\t\t\tonclick=\"window.location.href='https:\/\/monschaudesignart.com\/it\/heritage\/'\"\t\t\t >\n\n\t\t\t\t<div class=\"main-wrapp-img\">\n\t\t\t\t\t\t\t\t\t\t\t<div class=\"banner-image\">\n\t\t\t\t\t\t\t<img decoding=\"async\" class=\"promo-banner-image \" src=\"https:\/\/monschaudesignart.com\/wp-content\/uploads\/2021\/12\/pianta-heritage-500x500.jpg\" width=\"500\" height=\"500\" alt=\"pianta-heritage\" title=\"pianta-heritage\" \/>\t\t\t\t\t\t<\/div>\n\t\t\t\t\t\t\t\t\t<\/div>\n\n\t\t\t\t<div class=\"wrapper-content-banner wd-fill  wd-items-middle wd-justify-center\">\n\t\t\t\t\t<div class=\"content-banner text-center wd-width-100\">\n\t\t\t\t\t\t\t<div class=\"banner-title-wrap banner-title-default\">\n\t\t\t\t\t\t\t\t\t\t\t\t\t\t\t\t\t\t\t\t\t\t\t\t\t<\/div>\n\t\t\t\t\t\t\t\t\t\t\t\t\t\t\t\t\t<\/div>\n\t\t\t\t<\/div>\n\t\t\t\t\t\t\t<\/div>\n\t\t<\/div>\n\t\t\n\t\t\t\t\t<div id=\"wd-61b9d68c3477e\" class=\"wd-text-block-wrapper wd-wpb color-scheme- wd-width-100 text-center vc_custom_1639569041112\">\n\t\t\t\t<div class=\"woodmart-title-container woodmart-text-block reset-last-child font-primary wd-font-weight-900 \">\n\t\t\t\t\t\r\n<p style=\"text-align: justify;\"><a href=\"https:\/\/monschaudesignart.com\/it\/heritage\/\">Heritage<\/a><\/p>\r\n\t\t\t\t<\/div>\n\t\t\t\t\t\t\t<\/div>\n\t\t[\/vc_column][vc_column width=&#8221;1\/5&#8243;]\t\t<div class=\"promo-banner-wrapper\">\n\t\t\t<div id=\"wd-61b9d6941b379\" class=\"promo-banner banner- banner-hover-zoom color-scheme-light banner-btn-size-default banner-btn-style-default wd-display-image banner-vr-align-middle banner-hr-align-center  cursor-pointer\" \n\t\t\t\t\t\t\t\tonclick=\"window.location.href='https:\/\/monschaudesignart.com\/it\/design\/'\"\t\t\t >\n\n\t\t\t\t<div class=\"main-wrapp-img\">\n\t\t\t\t\t\t\t\t\t\t\t<div class=\"banner-image\">\n\t\t\t\t\t\t\t<img decoding=\"async\" class=\"promo-banner-image \" src=\"https:\/\/monschaudesignart.com\/wp-content\/uploads\/2021\/11\/design-2-3-500x500.jpg\" width=\"500\" height=\"500\" alt=\"design-2-3\" title=\"design-2-3\" \/>\t\t\t\t\t\t<\/div>\n\t\t\t\t\t\t\t\t\t<\/div>\n\n\t\t\t\t<div class=\"wrapper-content-banner wd-fill  wd-items-middle wd-justify-center\">\n\t\t\t\t\t<div class=\"content-banner text-center wd-width-100\">\n\t\t\t\t\t\t\t<div class=\"banner-title-wrap banner-title-default\">\n\t\t\t\t\t\t\t\t\t\t\t\t\t\t\t\t\t\t\t\t\t\t\t\t\t<\/div>\n\t\t\t\t\t\t\t\t\t\t\t\t\t\t\t\t\t<\/div>\n\t\t\t\t<\/div>\n\t\t\t\t\t\t\t<\/div>\n\t\t<\/div>\n\t\t\n\t\t\t\t\t<div id=\"wd-61b9d69cabc5c\" class=\"wd-text-block-wrapper wd-wpb color-scheme- wd-width-100 text-center vc_custom_1639569055862\">\n\t\t\t\t<div class=\"woodmart-title-container woodmart-text-block reset-last-child font-primary wd-font-weight-900 \">\n\t\t\t\t\t\r\n<p style=\"text-align: justify;\"><a href=\"https:\/\/monschaudesignart.com\/it\/design\/\">Design<\/a><\/p>\r\n\t\t\t\t<\/div>\n\t\t\t\t\t\t\t<\/div>\n\t\t[\/vc_column][vc_column width=&#8221;1\/5&#8243;]\t\t<div class=\"promo-banner-wrapper\">\n\t\t\t<div id=\"wd-61b9d6a24698d\" class=\"promo-banner banner- banner-hover-zoom color-scheme-light banner-btn-size-default banner-btn-style-default wd-display-image banner-vr-align-middle banner-hr-align-center  cursor-pointer\" \n\t\t\t\t\t\t\t\tonclick=\"window.location.href='https:\/\/monschaudesignart.com\/it\/sophisticated-craftmanship\/'\"\t\t\t >\n\n\t\t\t\t<div class=\"main-wrapp-img\">\n\t\t\t\t\t\t\t\t\t\t\t<div class=\"banner-image\">\n\t\t\t\t\t\t\t<img decoding=\"async\" class=\"promo-banner-image \" src=\"https:\/\/monschaudesignart.com\/wp-content\/uploads\/2021\/11\/craft-1-500x500.jpg\" width=\"500\" height=\"500\" alt=\"craft-1\" title=\"craft-1\" \/>\t\t\t\t\t\t<\/div>\n\t\t\t\t\t\t\t\t\t<\/div>\n\n\t\t\t\t<div class=\"wrapper-content-banner wd-fill  wd-items-middle wd-justify-center\">\n\t\t\t\t\t<div class=\"content-banner text-center wd-width-100\">\n\t\t\t\t\t\t\t<div class=\"banner-title-wrap banner-title-default\">\n\t\t\t\t\t\t\t\t\t\t\t\t\t\t\t\t\t\t\t\t\t\t\t\t\t<\/div>\n\t\t\t\t\t\t\t\t\t\t\t\t\t\t\t\t\t<\/div>\n\t\t\t\t<\/div>\n\t\t\t\t\t\t\t<\/div>\n\t\t<\/div>\n\t\t\n\t\t\t\t\t<div id=\"wd-61b9d6ac027a5\" class=\"wd-text-block-wrapper wd-wpb color-scheme- wd-width-100 text-center vc_custom_1639569071312\">\n\t\t\t\t<div class=\"woodmart-title-container woodmart-text-block reset-last-child font-primary wd-font-weight-900 \">\n\t\t\t\t\t\r\n<p style=\"text-align: justify;\"><a href=\"https:\/\/monschaudesignart.com\/it\/sophisticated-craftmanship\/\">Sophisticated Craftmanship<\/a><\/p>\r\n\t\t\t\t<\/div>\n\t\t\t\t\t\t\t<\/div>\n\t\t[\/vc_column][vc_column width=&#8221;1\/5&#8243;]\t\t<div class=\"promo-banner-wrapper\">\n\t\t\t<div id=\"wd-61b9d6b1be810\" class=\"promo-banner banner- banner-hover-zoom color-scheme-light banner-btn-size-default banner-btn-style-default wd-display-image banner-vr-align-middle banner-hr-align-center  cursor-pointer\" \n\t\t\t\t\t\t\t\tonclick=\"window.location.href='https:\/\/monschaudesignart.com\/it\/style\/'\"\t\t\t >\n\n\t\t\t\t<div class=\"main-wrapp-img\">\n\t\t\t\t\t\t\t\t\t\t\t<div class=\"banner-image\">\n\t\t\t\t\t\t\t<img decoding=\"async\" class=\"promo-banner-image \" src=\"https:\/\/monschaudesignart.com\/wp-content\/uploads\/2021\/11\/style-1-500x500.jpg\" width=\"500\" height=\"500\" alt=\"style-1\" title=\"style-1\" \/>\t\t\t\t\t\t<\/div>\n\t\t\t\t\t\t\t\t\t<\/div>\n\n\t\t\t\t<div class=\"wrapper-content-banner wd-fill  wd-items-middle wd-justify-center\">\n\t\t\t\t\t<div class=\"content-banner text-center wd-width-100\">\n\t\t\t\t\t\t\t<div class=\"banner-title-wrap banner-title-default\">\n\t\t\t\t\t\t\t\t\t\t\t\t\t\t\t\t\t\t\t\t\t\t\t\t\t<\/div>\n\t\t\t\t\t\t\t\t\t\t\t\t\t\t\t\t\t<\/div>\n\t\t\t\t<\/div>\n\t\t\t\t\t\t\t<\/div>\n\t\t<\/div>\n\t\t\n\t\t\t\t\t<div id=\"wd-61b9d6bbbe202\" class=\"wd-text-block-wrapper wd-wpb color-scheme- wd-width-100 text-center vc_custom_1639569086478\">\n\t\t\t\t<div class=\"woodmart-title-container woodmart-text-block reset-last-child font-primary wd-font-weight-900 \">\n\t\t\t\t\t\r\n<p style=\"text-align: justify;\"><a href=\"https:\/\/monschaudesignart.com\/it\/style\/\">Style<\/a><\/p>\r\n\t\t\t\t<\/div>\n\t\t\t\t\t\t\t<\/div>\n\t\t[\/vc_column][\/vc_row][vc_row][vc_column]\t\t\n\t\t<div id=\"wd-61a49ad50b748\" class=\"title-wrapper wd-wpb set-mb-s reset-last-child  wd-title-color-default wd-title-style-default wd-width-100 text-left vc_custom_1638177496558\">\n\t\t\t\n\t\t\t<div class=\"liner-continer\">\n\t\t\t\t<h4 class=\"woodmart-title-container title  wd-font-weight-700 wd-fontsize-l\" >SHOP ONLINE<\/h4>\n\t\t\t\t\t\t\t<\/div>\n\t\t\t\n\t\t\t\n\t\t\t\t\t<\/div>\n\t\t\n\t\t[vc_column_text woodmart_inline=&#8221;no&#8221; text_larger=&#8221;no&#8221; css=&#8221;.vc_custom_1638177582860{padding-top: 0px !important;}&#8221;][vc_row el_class=\"categorie-link\" mobile_bg_img_hidden=\"no\" tablet_bg_img_hidden=\"no\" woodmart_parallax=\"0\" woodmart_gradient_switch=\"no\" row_reverse_mobile=\"0\" row_reverse_tablet=\"0\" woodmart_disable_overflow=\"0\" css=\".vc_custom_1637677166671{padding-top: 4vh !important;}\"][vc_column woodmart_color_scheme=\"dark\" mobile_bg_img_hidden=\"no\" tablet_bg_img_hidden=\"no\" woodmart_parallax=\"0\" woodmart_sticky_column=\"false\" parallax_scroll=\"no\" mobile_reset_margin=\"no\" tablet_reset_margin=\"no\"]<div class=\"products woocommerce row categories-style-default  wd-spacing-30 columns-3\"><\/div>[\/vc_column][\/vc_row]<style data-type=\"vc_shortcodes-custom-css\">.vc_custom_1637677166671{padding-top: 4vh !important;}<\/style>[\/vc_column_text][\/vc_column][\/vc_row]","protected":false},"excerpt":{"rendered":"[vc_row full_width=&#8221;stretch_row_content_no_spaces&#8221; css=&#8221;.vc_custom_1637675757952{padding: 0px !important;border: 0px initial !important;}&#8221; mobile_bg_img_hidden=&#8221;no&#8221; tablet_bg_img_hidden=&#8221;no&#8221; woodmart_parallax=&#8221;0&#8243; woodmart_gradient_switch=&#8221;no&#8221; row_reverse_mobile=&#8221;0&#8243; row_reverse_tablet=&#8221;0&#8243; woodmart_disable_overflow=&#8221;0&#8243;][vc_column css=&#8221;.vc_custom_1638007456866{padding-top: 0px !important;}&#8221; mobile_bg_img_hidden=&#8221;no&#8221; tablet_bg_img_hidden=&#8221;no&#8221;","protected":false},"author":1,"featured_media":0,"parent":0,"menu_order":0,"comment_status":"closed","ping_status":"closed","template":"","meta":{"footnotes":""},"class_list":["post-54786","page","type-page","status-publish","hentry"],"_links":{"self":[{"href":"https:\/\/monschaudesignart.com\/it\/wp-json\/wp\/v2\/pages\/54786","targetHints":{"allow":["GET"]}}],"collection":[{"href":"https:\/\/monschaudesignart.com\/it\/wp-json\/wp\/v2\/pages"}],"about":[{"href":"https:\/\/monschaudesignart.com\/it\/wp-json\/wp\/v2\/types\/page"}],"author":[{"embeddable":true,"href":"https:\/\/monschaudesignart.com\/it\/wp-json\/wp\/v2\/users\/1"}],"replies":[{"embeddable":true,"href":"https:\/\/monschaudesignart.com\/it\/wp-json\/wp\/v2\/comments?post=54786"}],"version-history":[{"count":2,"href":"https:\/\/monschaudesignart.com\/it\/wp-json\/wp\/v2\/pages\/54786\/revisions"}],"predecessor-version":[{"id":55370,"href":"https:\/\/monschaudesignart.com\/it\/wp-json\/wp\/v2\/pages\/54786\/revisions\/55370"}],"wp:attachment":[{"href":"https:\/\/monschaudesignart.com\/it\/wp-json\/wp\/v2\/media?parent=54786"}],"curies":[{"name":"wp","href":"https:\/\/api.w.org\/{rel}","templated":true}]}}