{"id":54777,"date":"2021-11-23T15:22:58","date_gmt":"2021-11-23T14:22:58","guid":{"rendered":"http:\/\/monschaudesignart.com\/heritage\/"},"modified":"2022-04-01T12:24:14","modified_gmt":"2022-04-01T11:24:14","slug":"heritage","status":"publish","type":"page","link":"https:\/\/monschaudesignart.com\/it\/heritage\/","title":{"rendered":"Heritage"},"content":{"rendered":"[vc_row full_width=&#8221;stretch_row_content_no_spaces&#8221; css=&#8221;.vc_custom_1637675757952{padding: 0px !important;border: 0px initial !important;}&#8221; mobile_bg_img_hidden=&#8221;no&#8221; tablet_bg_img_hidden=&#8221;no&#8221; woodmart_parallax=&#8221;0&#8243; woodmart_gradient_switch=&#8221;no&#8221; row_reverse_mobile=&#8221;0&#8243; row_reverse_tablet=&#8221;0&#8243; woodmart_disable_overflow=&#8221;0&#8243;][vc_column css=&#8221;.vc_custom_1638007293040{padding-top: 0px !important;}&#8221; mobile_bg_img_hidden=&#8221;no&#8221; tablet_bg_img_hidden=&#8221;no&#8221; woodmart_parallax=&#8221;0&#8243; woodmart_sticky_column=&#8221;false&#8221; parallax_scroll=&#8221;no&#8221; mobile_reset_margin=&#8221;no&#8221; tablet_reset_margin=&#8221;no&#8221;]\n\t\t\t<!-- START Heritage REVOLUTION SLIDER 6.4.11 --><p class=\"rs-p-wp-fix\"><\/p>\n\t\t\t<rs-module-wrap id=\"rev_slider_9_1_wrapper\" data-source=\"gallery\" style=\"background:transparent;padding:0;margin:0px auto;margin-top:0;margin-bottom:0;\">\n\t\t\t\t<rs-module id=\"rev_slider_9_1\" style=\"\" data-version=\"6.4.11\">\n\t\t\t\t\t<rs-slides>\n\t\t\t\t\t\t<rs-slide data-key=\"rs-32\" data-title=\"Slide\" data-in=\"o:0;\" data-out=\"a:false;\">\n\t\t\t\t\t\t\t<img decoding=\"async\" src=\"\/\/monschaudesignart.com\/wp-content\/uploads\/2021\/11\/heritage-header-2-1.jpg\" title=\"heritage-header-2\" width=\"1920\" height=\"724\" class=\"rev-slidebg tp-rs-img\" data-parallax=\"off\" data-panzoom=\"d:10000;ss:120%;se:100;\" data-no-retina>\n<!--\n\t\t\t\t\t\t\t--><rs-layer\n\t\t\t\t\t\t\t\tid=\"slider-9-slide-32-layer-0\" \n\t\t\t\t\t\t\t\tclass=\"rs-pxl-4\"\n\t\t\t\t\t\t\t\tdata-type=\"text\"\n\t\t\t\t\t\t\t\tdata-rsp_ch=\"on\"\n\t\t\t\t\t\t\t\tdata-xy=\"x:c;y:m;\"\n\t\t\t\t\t\t\t\tdata-text=\"w:normal;s:46,34,24,24;l:25,13,9,6;fw:700;a:center;\"\n\t\t\t\t\t\t\t\tdata-frame_999=\"o:0;st:w;\"\n\t\t\t\t\t\t\t\tstyle=\"z-index:5;font-family:Roboto;\"\n\t\t\t\t\t\t\t><span style='font-family:\"Gotham Pro Light\"'> Heritage <\/span> \n\t\t\t\t\t\t\t<\/rs-layer><!--\n-->\t\t\t\t\t\t<\/rs-slide>\n\t\t\t\t\t<\/rs-slides>\n\t\t\t\t<\/rs-module>\n\t\t\t\t<script type=\"text\/javascript\">\n\t\t\t\t\tsetREVStartSize({c: 'rev_slider_9_1',rl:[1240,1024,778,480],el:[724,768,960,720],gw:[1920,1024,778,480],gh:[724,768,960,720],type:'standard',justify:'',layout:'fullwidth',mh:\"0\"});\n\t\t\t\t\tvar\trevapi9,\n\t\t\t\t\t\ttpj;\n\t\t\t\t\tfunction revinit_revslider91() {\n\t\t\t\t\tjQuery(function() {\n\t\t\t\t\t\ttpj = jQuery;\n\t\t\t\t\t\trevapi9 = tpj(\"#rev_slider_9_1\");\n\t\t\t\t\t\tif(revapi9==undefined || revapi9.revolution == undefined){\n\t\t\t\t\t\t\trevslider_showDoubleJqueryError(\"rev_slider_9_1\");\n\t\t\t\t\t\t}else{\n\t\t\t\t\t\t\trevapi9.revolution({\n\t\t\t\t\t\t\t\tDPR:\"dpr\",\n\t\t\t\t\t\t\t\tsliderLayout:\"fullwidth\",\n\t\t\t\t\t\t\t\tvisibilityLevels:\"1240,1024,778,480\",\n\t\t\t\t\t\t\t\tgridwidth:\"1920,1024,778,480\",\n\t\t\t\t\t\t\t\tgridheight:\"724,768,960,720\",\n\t\t\t\t\t\t\t\tperspective:600,\n\t\t\t\t\t\t\t\tperspectiveType:\"global\",\n\t\t\t\t\t\t\t\teditorheight:\"724,768,960,720\",\n\t\t\t\t\t\t\t\tresponsiveLevels:\"1240,1024,778,480\",\n\t\t\t\t\t\t\t\tprogressBar:{disableProgressBar:true},\n\t\t\t\t\t\t\t\tnavigation: {\n\t\t\t\t\t\t\t\t\tonHoverStop:false\n\t\t\t\t\t\t\t\t},\n\t\t\t\t\t\t\t\tparallax: {\n\t\t\t\t\t\t\t\t\tlevels:[5,10,15,20,25,30,35,40,45,46,47,48,49,50,51,30],\n\t\t\t\t\t\t\t\t\ttype:\"scroll\",\n\t\t\t\t\t\t\t\t\torigo:\"slidercenter\",\n\t\t\t\t\t\t\t\t\tspeed:0\n\t\t\t\t\t\t\t\t},\n\t\t\t\t\t\t\t\tfallbacks: {\n\t\t\t\t\t\t\t\t\tallowHTML5AutoPlayOnAndroid:true\n\t\t\t\t\t\t\t\t},\n\t\t\t\t\t\t\t});\n\t\t\t\t\t\t}\n\t\t\t\t\t\t\n\t\t\t\t\t});\n\t\t\t\t\t} \/\/ End of RevInitScript\n\t\t\t\tvar once_revslider91 = false;\n\t\t\t\tif (document.readyState === \"loading\") {document.addEventListener('readystatechange',function() { if((document.readyState === \"interactive\" || document.readyState === \"complete\") && !once_revslider91 ) { once_revslider91 = true; revinit_revslider91();}});} else {once_revslider91 = true; revinit_revslider91();}\n\t\t\t\t<\/script>\n\t\t\t<\/rs-module-wrap>\n\t\t\t<!-- END REVOLUTION SLIDER -->\n[\/vc_column][\/vc_row][vc_row full_width=&#8221;stretch_row_content_no_spaces&#8221; disable_element=&#8221;yes&#8221; css=&#8221;.vc_custom_1638882509064{padding-top: 0px !important;padding-right: 0px !important;padding-bottom: 0px !important;padding-left: 0px !important;}&#8221; mobile_bg_img_hidden=&#8221;no&#8221; tablet_bg_img_hidden=&#8221;no&#8221; woodmart_parallax=&#8221;0&#8243; woodmart_gradient_switch=&#8221;no&#8221; row_reverse_mobile=&#8221;0&#8243; row_reverse_tablet=&#8221;0&#8243; woodmart_disable_overflow=&#8221;0&#8243;][vc_column css=&#8221;.vc_custom_1638007293040{padding-top: 0px !important;}&#8221; mobile_bg_img_hidden=&#8221;no&#8221; tablet_bg_img_hidden=&#8221;no&#8221; woodmart_parallax=&#8221;0&#8243; woodmart_sticky_column=&#8221;false&#8221; parallax_scroll=&#8221;no&#8221; mobile_reset_margin=&#8221;no&#8221; tablet_reset_margin=&#8221;no&#8221;][vc_single_image image=&#8221;54571&#8243; img_size=&#8221;full&#8221; alignment=&#8221;center&#8221; woodmart_inline=&#8221;no&#8221; parallax_scroll=&#8221;no&#8221; css=&#8221;.vc_custom_1638176180226{margin-bottom: 0px !important;}&#8221;]\t\t\n\t\t<div id=\"wd-61a49d5c1aedd\" class=\"title-wrapper wd-wpb set-mb-s reset-last-child  wd-title-color-white wd-title-style-default wd-width-100 text-center vc_custom_1638178146678\">\n\t\t\t\n\t\t\t<div class=\"liner-continer\">\n\t\t\t\t<h4 class=\"woodmart-title-container title  wd-font-weight-700 wd-fontsize-xxxl\" >Heritage<\/h4>\n\t\t\t\t\t\t\t<\/div>\n\t\t\t\n\t\t\t\n\t\t\t\t\t<\/div>\n\t\t\n\t\t[\/vc_column][\/vc_row][vc_row equal_height=&#8221;yes&#8221; content_placement=&#8221;middle&#8221; css=&#8221;.vc_custom_1634551139313{margin-top: 64px !important;}&#8221; mobile_bg_img_hidden=&#8221;no&#8221; tablet_bg_img_hidden=&#8221;no&#8221; woodmart_parallax=&#8221;0&#8243; woodmart_gradient_switch=&#8221;no&#8221; row_reverse_mobile=&#8221;0&#8243; row_reverse_tablet=&#8221;0&#8243; woodmart_disable_overflow=&#8221;0&#8243;][vc_column width=&#8221;1\/2&#8243; css=&#8221;.vc_custom_1648812175811{margin-top: 0px !important;padding-top: 0px !important;padding-right: 24px !important;padding-left: 0px !important;background-color: #fafafa !important;}&#8221; mobile_bg_img_hidden=&#8221;no&#8221; tablet_bg_img_hidden=&#8221;no&#8221; woodmart_parallax=&#8221;0&#8243; woodmart_sticky_column=&#8221;false&#8221; parallax_scroll=&#8221;no&#8221; mobile_reset_margin=&#8221;yes&#8221; tablet_reset_margin=&#8221;no&#8221; el_class=&#8221;padding-right&#8221;][vc_single_image image=&#8221;54912&#8243; img_size=&#8221;full&#8221; alignment=&#8221;center&#8221; woodmart_inline=&#8221;no&#8221; parallax_scroll=&#8221;no&#8221; css=&#8221;.vc_custom_1638872511185{margin-bottom: 0px !important;}&#8221;][\/vc_column][vc_column width=&#8221;1\/2&#8243; css=&#8221;.vc_custom_1634551206081{padding: 64px !important;background-color: #fafafa !important;}&#8221; mobile_bg_img_hidden=&#8221;no&#8221; tablet_bg_img_hidden=&#8221;no&#8221; woodmart_parallax=&#8221;0&#8243; woodmart_sticky_column=&#8221;false&#8221; parallax_scroll=&#8221;no&#8221; mobile_reset_margin=&#8221;no&#8221; tablet_reset_margin=&#8221;no&#8221;]\t\t\n\t\t<div id=\"wd-61a4af00d0bb9\" class=\"title-wrapper wd-wpb set-mb-s reset-last-child  wd-title-color-default wd-title-style-simple wd-width-100 text-left \">\n\t\t\t\n\t\t\t<div class=\"liner-continer\">\n\t\t\t\t<h4 class=\"woodmart-title-container title  wd-font-weight-700 wd-fontsize-l\" >L'artigianalit\u00e0<\/h4>\n\t\t\t\t\t\t\t<\/div>\n\t\t\t\n\t\t\t\n\t\t\t\t\t<\/div>\n\t\t\n\t\t[vc_column_text woodmart_inline=&#8221;no&#8221; text_larger=&#8221;no&#8221;]\r\n<p class=\"p1\"><span class=\"s1\">Dalla\u00a0<\/span>visione creativa<span class=\"s1\">\u00a0alla realizzazione dell\u2019oggetto, il percorso <b>dell\u2019eccellenza artigiana<\/b> di Monschau. L<\/span>a sfida<span class=\"s1\">\u00a0\u00e8 quella di dare corpo e voce ad un\u2019eredit\u00e0 quasi scomparsa, attraverso le nostre creazioni ritrovando i valori che sono sempre stati degli artigiani e che hanno reso il\u00a0<\/span><b>Made in Italy<\/b><span class=\"s1\">\u00a0famoso nel mondo.<\/span><\/p>\r\n[\/vc_column_text]<div id=\"wd-623c4d52e16b2\" class=\"wd-button-wrapper woodmart-button-wrapper text-left\"><a href=\"https:\/\/monschaudesignart.com\/it\/shop\/\" title=\"\" class=\"btn btn-color-default btn-style-link btn-shape-rectangle btn-size-default btn-icon-pos-right\">SHOP NOW<span class=\"wd-btn-icon\"><span class=\"wd-icon fas fa-angle-right\"><\/span><\/span><\/a><\/div>[\/vc_column][\/vc_row][vc_row equal_height=&#8221;yes&#8221; content_placement=&#8221;middle&#8221; css=&#8221;.vc_custom_1648811043554{margin-top: 64px !important;}&#8221; mobile_bg_img_hidden=&#8221;no&#8221; tablet_bg_img_hidden=&#8221;no&#8221; woodmart_parallax=&#8221;0&#8243; woodmart_gradient_switch=&#8221;no&#8221; row_reverse_mobile=&#8221;1&#8243; row_reverse_tablet=&#8221;1&#8243; woodmart_disable_overflow=&#8221;0&#8243;][vc_column width=&#8221;1\/2&#8243; css=&#8221;.vc_custom_1634551147317{padding: 48px !important;background-color: #fafafa !important;}&#8221; mobile_bg_img_hidden=&#8221;no&#8221; tablet_bg_img_hidden=&#8221;no&#8221; woodmart_parallax=&#8221;0&#8243; woodmart_sticky_column=&#8221;false&#8221; parallax_scroll=&#8221;no&#8221; mobile_reset_margin=&#8221;no&#8221; tablet_reset_margin=&#8221;no&#8221;][vc_column_text woodmart_inline=&#8221;no&#8221; text_larger=&#8221;no&#8221;]\r\n<p class=\"p1\"><span class=\"s1\">Affidarsi alle mani di validi artigiani conferisce ai prodotti Monschau un fattore di unicit\u00e0. Solo attraverso la cura maniacale degli artigiani si pu\u00f2 donare quel tocco di personalit\u00e0 ad ogni singolo articolo e solo cos\u00ec ogni singola parte dell\u2019oggetto parla dell\u2019anima dell\u2019artigiano che lo ha prodotto.<\/span>\r\n<span class=\"s1\">Gli artigiani Monschau riescono a trasmettere il loro sapere e la storia del loro territorio attraverso dettagliate e particolari lavorazioni legate alle loro usanze e metodologie lavorative. Unire e tramandare il saper fare e lo stile impeccabile dell\u2019artigianalit\u00e0 del Made in Italy ed \u00e8 il pilastro portante del viaggio di Monschau.<\/span><\/p>\r\n[\/vc_column_text]<div id=\"wd-623c4d5a30840\" class=\"wd-button-wrapper woodmart-button-wrapper text-left\"><a href=\"https:\/\/monschaudesignart.com\/it\/shop\/\" title=\"\" class=\"btn btn-color-default btn-style-link btn-shape-rectangle btn-size-default btn-icon-pos-right\">SHOP NOW<span class=\"wd-btn-icon\"><span class=\"wd-icon fas fa-angle-right\"><\/span><\/span><\/a><\/div>[\/vc_column][vc_column width=&#8221;1\/2&#8243; css=&#8221;.vc_custom_1634550826892{padding-right: 0px !important;padding-left: 0px !important;}&#8221; mobile_bg_img_hidden=&#8221;no&#8221; tablet_bg_img_hidden=&#8221;no&#8221; woodmart_parallax=&#8221;0&#8243; woodmart_sticky_column=&#8221;false&#8221; parallax_scroll=&#8221;no&#8221; mobile_reset_margin=&#8221;no&#8221; tablet_reset_margin=&#8221;no&#8221;][vc_single_image image=&#8221;54895&#8243; img_size=&#8221;full&#8221; alignment=&#8221;center&#8221; woodmart_inline=&#8221;no&#8221; parallax_scroll=&#8221;no&#8221; css=&#8221;.vc_custom_1638872489291{margin-bottom: 0px !important;}&#8221;][\/vc_column][\/vc_row][vc_row css=&#8221;.vc_custom_1648119319898{padding-top: 4vh !important;}&#8221; mobile_bg_img_hidden=&#8221;no&#8221; tablet_bg_img_hidden=&#8221;no&#8221; woodmart_parallax=&#8221;0&#8243; woodmart_gradient_switch=&#8221;no&#8221; row_reverse_mobile=&#8221;0&#8243; row_reverse_tablet=&#8221;0&#8243; woodmart_disable_overflow=&#8221;0&#8243; el_class=&#8221;grey-images&#8221;][vc_column width=&#8221;1\/5&#8243;]\t\t<div class=\"promo-banner-wrapper\">\n\t\t\t<div id=\"wd-623c4e5c9c173\" class=\"promo-banner banner- banner-hover-zoom color-scheme-light banner-btn-size-default banner-btn-style-default wd-display-image banner-vr-align-middle banner-hr-align-center  cursor-pointer\" \n\t\t\t\t\t\t\t\tonclick=\"window.location.href='https:\/\/monschaudesignart.com\/it\/inspiration\/'\"\t\t\t >\n\n\t\t\t\t<div class=\"main-wrapp-img\">\n\t\t\t\t\t\t\t\t\t\t\t<div class=\"banner-image\">\n\t\t\t\t\t\t\t<img decoding=\"async\" class=\"promo-banner-image \" src=\"https:\/\/monschaudesignart.com\/wp-content\/uploads\/2021\/12\/mare-500x500.jpg\" width=\"500\" height=\"500\" alt=\"mare\" title=\"mare\" \/>\t\t\t\t\t\t<\/div>\n\t\t\t\t\t\t\t\t\t<\/div>\n\n\t\t\t\t<div class=\"wrapper-content-banner wd-fill  wd-items-middle wd-justify-center\">\n\t\t\t\t\t<div class=\"content-banner text-center wd-width-100\">\n\t\t\t\t\t\t\t<div class=\"banner-title-wrap banner-title-default\">\n\t\t\t\t\t\t\t\t\t\t\t\t\t\t\t\t\t\t\t\t\t\t\t\t\t<\/div>\n\t\t\t\t\t\t\t\t\t\t\t\t\t\t\t\t\t<\/div>\n\t\t\t\t<\/div>\n\t\t\t\t\t\t\t<\/div>\n\t\t<\/div>\n\t\t\n\t\t\t\t\t<div id=\"wd-61a49c5c65591\" class=\"wd-text-block-wrapper wd-wpb color-scheme- wd-width-100 text-center vc_custom_1638177909209\">\n\t\t\t\t<div class=\"woodmart-title-container woodmart-text-block reset-last-child font-primary wd-font-weight-900 \">\n\t\t\t\t\t\r\n<p style=\"text-align: justify;\"><a href=\"https:\/\/monschaudesignart.com\/it\/inspiration\/\">Inspiration<\/a><\/p>\r\n\t\t\t\t<\/div>\n\t\t\t\t\t\t\t<\/div>\n\t\t[\/vc_column][vc_column width=&#8221;1\/5&#8243;]\t\t<div class=\"promo-banner-wrapper\">\n\t\t\t<div id=\"wd-61a49a2a2190d\" class=\"promo-banner banner- banner-hover-zoom color-scheme-light banner-btn-size-default banner-btn-style-default wd-display-image banner-vr-align-middle banner-hr-align-center  cursor-pointer\" \n\t\t\t\t\t\t\t\tonclick=\"window.location.href='https:\/\/monschaudesignart.com\/it\/design\/'\"\t\t\t >\n\n\t\t\t\t<div class=\"main-wrapp-img\">\n\t\t\t\t\t\t\t\t\t\t\t<div class=\"banner-image\">\n\t\t\t\t\t\t\t<img decoding=\"async\" class=\"promo-banner-image \" src=\"https:\/\/monschaudesignart.com\/wp-content\/uploads\/2021\/11\/design-2-3-500x500.jpg\" width=\"500\" height=\"500\" alt=\"design-2-3\" title=\"design-2-3\" \/>\t\t\t\t\t\t<\/div>\n\t\t\t\t\t\t\t\t\t<\/div>\n\n\t\t\t\t<div class=\"wrapper-content-banner wd-fill  wd-items-middle wd-justify-center\">\n\t\t\t\t\t<div class=\"content-banner text-center wd-width-100\">\n\t\t\t\t\t\t\t<div class=\"banner-title-wrap banner-title-default\">\n\t\t\t\t\t\t\t\t\t\t\t\t\t\t\t\t\t\t\t\t\t\t\t\t\t<\/div>\n\t\t\t\t\t\t\t\t\t\t\t\t\t\t\t\t\t<\/div>\n\t\t\t\t<\/div>\n\t\t\t\t\t\t\t<\/div>\n\t\t<\/div>\n\t\t\n\t\t\t\t\t<div id=\"wd-61a49b6cba647\" class=\"wd-text-block-wrapper wd-wpb color-scheme- wd-width-100 text-center vc_custom_1638177651757\">\n\t\t\t\t<div class=\"woodmart-title-container woodmart-text-block reset-last-child font-primary wd-font-weight-900 \">\n\t\t\t\t\t\r\n<p style=\"text-align: justify;\"><a href=\"https:\/\/monschaudesignart.com\/it\/design\/\">Design<\/a><\/p>\r\n\t\t\t\t<\/div>\n\t\t\t\t\t\t\t<\/div>\n\t\t[\/vc_column][vc_column width=&#8221;1\/5&#8243;]\t\t<div class=\"promo-banner-wrapper\">\n\t\t\t<div id=\"wd-61a49a4f2a210\" class=\"promo-banner banner- banner-hover-zoom color-scheme-light banner-btn-size-default banner-btn-style-default wd-display-image banner-vr-align-middle banner-hr-align-center  cursor-pointer\" \n\t\t\t\t\t\t\t\tonclick=\"window.location.href='https:\/\/monschaudesignart.com\/it\/sophisticated-craftmanship\/'\"\t\t\t >\n\n\t\t\t\t<div class=\"main-wrapp-img\">\n\t\t\t\t\t\t\t\t\t\t\t<div class=\"banner-image\">\n\t\t\t\t\t\t\t<img decoding=\"async\" class=\"promo-banner-image \" src=\"https:\/\/monschaudesignart.com\/wp-content\/uploads\/2021\/11\/craft-1-500x500.jpg\" width=\"500\" height=\"500\" alt=\"craft-1\" title=\"craft-1\" \/>\t\t\t\t\t\t<\/div>\n\t\t\t\t\t\t\t\t\t<\/div>\n\n\t\t\t\t<div class=\"wrapper-content-banner wd-fill  wd-items-middle wd-justify-center\">\n\t\t\t\t\t<div class=\"content-banner text-center wd-width-100\">\n\t\t\t\t\t\t\t<div class=\"banner-title-wrap banner-title-default\">\n\t\t\t\t\t\t\t\t\t\t\t\t\t\t\t\t\t\t\t\t\t\t\t\t\t<\/div>\n\t\t\t\t\t\t\t\t\t\t\t\t\t\t\t\t\t<\/div>\n\t\t\t\t<\/div>\n\t\t\t\t\t\t\t<\/div>\n\t\t<\/div>\n\t\t\n\t\t\t\t\t<div id=\"wd-61a49b7608916\" class=\"wd-text-block-wrapper wd-wpb color-scheme- wd-width-100 text-center vc_custom_1638177658774\">\n\t\t\t\t<div class=\"woodmart-title-container woodmart-text-block reset-last-child font-primary wd-font-weight-900 \">\n\t\t\t\t\t\r\n<p style=\"text-align: justify;\"><a href=\"https:\/\/monschaudesignart.com\/it\/sophisticated-craftmanship\/\">Sophisticated Craftmanship<\/a><\/p>\r\n\t\t\t\t<\/div>\n\t\t\t\t\t\t\t<\/div>\n\t\t[\/vc_column][vc_column width=&#8221;1\/5&#8243;]\t\t<div class=\"promo-banner-wrapper\">\n\t\t\t<div id=\"wd-61a49a6bd6120\" class=\"promo-banner banner- banner-hover-zoom color-scheme-light banner-btn-size-default banner-btn-style-default wd-display-image banner-vr-align-middle banner-hr-align-center  cursor-pointer\" \n\t\t\t\t\t\t\t\tonclick=\"window.location.href='https:\/\/monschaudesignart.com\/it\/essential\/'\"\t\t\t >\n\n\t\t\t\t<div class=\"main-wrapp-img\">\n\t\t\t\t\t\t\t\t\t\t\t<div class=\"banner-image\">\n\t\t\t\t\t\t\t<img decoding=\"async\" class=\"promo-banner-image \" src=\"https:\/\/monschaudesignart.com\/wp-content\/uploads\/2021\/11\/essential-1-500x500.jpg\" width=\"500\" height=\"500\" alt=\"essential-1\" title=\"essential-1\" \/>\t\t\t\t\t\t<\/div>\n\t\t\t\t\t\t\t\t\t<\/div>\n\n\t\t\t\t<div class=\"wrapper-content-banner wd-fill  wd-items-middle wd-justify-center\">\n\t\t\t\t\t<div class=\"content-banner text-center wd-width-100\">\n\t\t\t\t\t\t\t<div class=\"banner-title-wrap banner-title-default\">\n\t\t\t\t\t\t\t\t\t\t\t\t\t\t\t\t\t\t\t\t\t\t\t\t\t<\/div>\n\t\t\t\t\t\t\t\t\t\t\t\t\t\t\t\t\t<\/div>\n\t\t\t\t<\/div>\n\t\t\t\t\t\t\t<\/div>\n\t\t<\/div>\n\t\t\n\t\t\t\t\t<div id=\"wd-61a49b7d06b9d\" class=\"wd-text-block-wrapper wd-wpb color-scheme- wd-width-100 text-center vc_custom_1638177665210\">\n\t\t\t\t<div class=\"woodmart-title-container woodmart-text-block reset-last-child font-primary wd-font-weight-900 \">\n\t\t\t\t\t\r\n<p style=\"text-align: justify;\"><a href=\"https:\/\/monschaudesignart.com\/it\/essential\/\">Essential<\/a><\/p>\r\n\t\t\t\t<\/div>\n\t\t\t\t\t\t\t<\/div>\n\t\t[\/vc_column][vc_column width=&#8221;1\/5&#8243;]\t\t<div class=\"promo-banner-wrapper\">\n\t\t\t<div id=\"wd-61a49a937ceb3\" class=\"promo-banner banner- banner-hover-zoom color-scheme-light banner-btn-size-default banner-btn-style-default wd-display-image banner-vr-align-middle banner-hr-align-center  cursor-pointer\" \n\t\t\t\t\t\t\t\tonclick=\"window.location.href='https:\/\/monschaudesignart.com\/it\/style\/'\"\t\t\t >\n\n\t\t\t\t<div class=\"main-wrapp-img\">\n\t\t\t\t\t\t\t\t\t\t\t<div class=\"banner-image\">\n\t\t\t\t\t\t\t<img decoding=\"async\" class=\"promo-banner-image \" src=\"https:\/\/monschaudesignart.com\/wp-content\/uploads\/2021\/11\/style-1-500x500.jpg\" width=\"500\" height=\"500\" alt=\"style-1\" title=\"style-1\" \/>\t\t\t\t\t\t<\/div>\n\t\t\t\t\t\t\t\t\t<\/div>\n\n\t\t\t\t<div class=\"wrapper-content-banner wd-fill  wd-items-middle wd-justify-center\">\n\t\t\t\t\t<div class=\"content-banner text-center wd-width-100\">\n\t\t\t\t\t\t\t<div class=\"banner-title-wrap banner-title-default\">\n\t\t\t\t\t\t\t\t\t\t\t\t\t\t\t\t\t\t\t\t\t\t\t\t\t<\/div>\n\t\t\t\t\t\t\t\t\t\t\t\t\t\t\t\t\t<\/div>\n\t\t\t\t<\/div>\n\t\t\t\t\t\t\t<\/div>\n\t\t<\/div>\n\t\t\n\t\t\t\t\t<div id=\"wd-61a49b83aedb5\" class=\"wd-text-block-wrapper wd-wpb color-scheme- wd-width-100 text-center vc_custom_1638177672407\">\n\t\t\t\t<div class=\"woodmart-title-container woodmart-text-block reset-last-child font-primary wd-font-weight-900 \">\n\t\t\t\t\t\r\n<p style=\"text-align: justify;\"><a href=\"https:\/\/monschaudesignart.com\/it\/style\/\">Style<\/a><\/p>\r\n\t\t\t\t<\/div>\n\t\t\t\t\t\t\t<\/div>\n\t\t[\/vc_column][\/vc_row][vc_row][vc_column]\t\t\n\t\t<div id=\"wd-61a49ad50b748\" class=\"title-wrapper wd-wpb set-mb-s reset-last-child  wd-title-color-default wd-title-style-default wd-width-100 text-left vc_custom_1638177496558\">\n\t\t\t\n\t\t\t<div class=\"liner-continer\">\n\t\t\t\t<h4 class=\"woodmart-title-container title  wd-font-weight-700 wd-fontsize-l\" >SHOP ONLINE<\/h4>\n\t\t\t\t\t\t\t<\/div>\n\t\t\t\n\t\t\t\n\t\t\t\t\t<\/div>\n\t\t\n\t\t[vc_column_text woodmart_inline=&#8221;no&#8221; text_larger=&#8221;no&#8221; css=&#8221;.vc_custom_1638177582860{padding-top: 0px !important;}&#8221;][vc_row el_class=\"categorie-link\" mobile_bg_img_hidden=\"no\" tablet_bg_img_hidden=\"no\" woodmart_parallax=\"0\" woodmart_gradient_switch=\"no\" row_reverse_mobile=\"0\" row_reverse_tablet=\"0\" woodmart_disable_overflow=\"0\" css=\".vc_custom_1637677166671{padding-top: 4vh !important;}\"][vc_column woodmart_color_scheme=\"dark\" mobile_bg_img_hidden=\"no\" tablet_bg_img_hidden=\"no\" woodmart_parallax=\"0\" woodmart_sticky_column=\"false\" parallax_scroll=\"no\" mobile_reset_margin=\"no\" tablet_reset_margin=\"no\"]<div class=\"products woocommerce row categories-style-default  wd-spacing-30 columns-3\"><\/div>[\/vc_column][\/vc_row]<style data-type=\"vc_shortcodes-custom-css\">.vc_custom_1637677166671{padding-top: 4vh !important;}<\/style>[\/vc_column_text][\/vc_column][\/vc_row]","protected":false},"excerpt":{"rendered":"[vc_row full_width=&#8221;stretch_row_content_no_spaces&#8221; css=&#8221;.vc_custom_1637675757952{padding: 0px !important;border: 0px initial !important;}&#8221; mobile_bg_img_hidden=&#8221;no&#8221; tablet_bg_img_hidden=&#8221;no&#8221; woodmart_parallax=&#8221;0&#8243; woodmart_gradient_switch=&#8221;no&#8221; row_reverse_mobile=&#8221;0&#8243; row_reverse_tablet=&#8221;0&#8243; woodmart_disable_overflow=&#8221;0&#8243;][vc_column css=&#8221;.vc_custom_1638007293040{padding-top: 0px !important;}&#8221; mobile_bg_img_hidden=&#8221;no&#8221; tablet_bg_img_hidden=&#8221;no&#8221;","protected":false},"author":1,"featured_media":0,"parent":0,"menu_order":0,"comment_status":"closed","ping_status":"closed","template":"","meta":{"footnotes":""},"class_list":["post-54777","page","type-page","status-publish","hentry"],"_links":{"self":[{"href":"https:\/\/monschaudesignart.com\/it\/wp-json\/wp\/v2\/pages\/54777","targetHints":{"allow":["GET"]}}],"collection":[{"href":"https:\/\/monschaudesignart.com\/it\/wp-json\/wp\/v2\/pages"}],"about":[{"href":"https:\/\/monschaudesignart.com\/it\/wp-json\/wp\/v2\/types\/page"}],"author":[{"embeddable":true,"href":"https:\/\/monschaudesignart.com\/it\/wp-json\/wp\/v2\/users\/1"}],"replies":[{"embeddable":true,"href":"https:\/\/monschaudesignart.com\/it\/wp-json\/wp\/v2\/comments?post=54777"}],"version-history":[{"count":4,"href":"https:\/\/monschaudesignart.com\/it\/wp-json\/wp\/v2\/pages\/54777\/revisions"}],"predecessor-version":[{"id":55366,"href":"https:\/\/monschaudesignart.com\/it\/wp-json\/wp\/v2\/pages\/54777\/revisions\/55366"}],"wp:attachment":[{"href":"https:\/\/monschaudesignart.com\/it\/wp-json\/wp\/v2\/media?parent=54777"}],"curies":[{"name":"wp","href":"https:\/\/api.w.org\/{rel}","templated":true}]}}